{"id":86,"date":"2022-08-30T12:25:50","date_gmt":"2022-08-30T12:25:50","guid":{"rendered":"http:\/\/pubcrawlljubljana.com\/?page_id=86"},"modified":"2024-04-17T13:21:42","modified_gmt":"2024-04-17T13:21:42","slug":"servicebedingungen","status":"publish","type":"page","link":"https:\/\/pubcrawlljubljana.com\/de\/terms-of-service\/","title":{"rendered":"Bedingungen der Dienstleistung"},"content":{"rendered":"<p>SERVICEBEDINGUNGEN<\/p>\n\n\n\n<p>Allgemeine Gesch\u00e4ftsbedingungen sind der grundlegende Teil dieser Buchungsvereinbarung, die zwischen der World Discovery d.o.o. (im Folgenden \"Unternehmen\" genannt) und Kunden abgeschlossen wird. Sobald der Kunde die Buchung abgeschlossen hat, wird davon ausgegangen, dass er diese Allgemeinen Gesch\u00e4ftsbedingungen akzeptiert. Die Buchung, die der Kunde vornimmt, ist obligatorisch und deshalb ist es m\u00f6glich, dass der Kunde seine Buchung ausschlie\u00dflich gem\u00e4\u00df diesen Allgemeinen Gesch\u00e4ftsbedingungen storniert. Der Kunde ist verantwortlich f\u00fcr alle Kosten und Folgen, die aufgrund der falschen Informationen, die er bei der Buchung angegeben hat, auftreten k\u00f6nnen.<\/p>\n\n\n\n<p>Der Kunde erkl\u00e4rt sich mit diesen Allgemeinen Gesch\u00e4ftsbedingungen einverstanden, indem er Dienstleistungen bei der Gesellschaft entweder \u00fcber die Website, per E-Mail, telefonisch, durch Zahlung ohne Vorbestellung oder auf andere Weise bestellt.<\/p>\n\n\n\n<p>Das Unternehmen wurde mit dem Ziel gegr\u00fcndet, freundliche Dienstleistungen zu gew\u00e4hrleisten und den Nutzern hochwertige Erfahrungen zu bieten.<\/p>\n\n\n\n<p>Die Marke des Unternehmens und die Website sowie alle ihre Bestandteile (Programmiercode, Design, Fotos, Texte usw.) und alle Unterseiten sind geistiges Eigentum der Sch\u00f6pfer der Marke und somit urheberrechtlich gesch\u00fctzt. Jegliches Kopieren, Benutzen oder Missbrauchen der Marke und\/oder der Website und ihrer Bestandteile wird gem\u00e4\u00df den \u00f6rtlichen Gesetzen geahndet.<\/p>\n\n\n\n<p>Wir verpflichten uns, unser Bestes zu tun, um aktuelle und genaue Informationen auf der Website des Unternehmens bereitzustellen. Wir k\u00f6nnen jedoch nicht f\u00fcr Fehler, Auslassungen oder Ergebnisse haftbar gemacht werden, die durch einen Missbrauch oder ein Missverst\u00e4ndnis dieser Informationen erzielt werden k\u00f6nnen. Wir behalten uns das Recht vor, Fehler zu korrigieren, sobald sie uns zur Kenntnis gebracht werden, und ganz allgemein die Website und die vorliegenden Gesch\u00e4ftsbedingungen jederzeit und ohne Vorank\u00fcndigung ganz oder teilweise zu \u00e4ndern, ohne dass wir daf\u00fcr zur Verantwortung gezogen werden k\u00f6nnen.<\/p>\n\n\n\n<p>Verwendete Begriffe und ihre Erkl\u00e4rungen:<\/p>\n\n\n\n<p>100% Geld-zur\u00fcck-Garantie - Wenn wir den Service nicht wie versprochen liefern k\u00f6nnen und der Kunde nicht zufrieden ist, sollte er die Beschwerde direkt an unsere Mitarbeiter so schnell wie m\u00f6glich mitteilen. Wenn wir auf das Problem zustimmen, kann der Kunde das gesamte Geld f\u00fcr diese spezifische Aktivit\u00e4t zur\u00fcck zu bekommen bezahlt.<\/p>\n\n\n\n<p>Die Website kann Links zu anderen Websites enthalten, die wir nicht nutzen. Wir k\u00f6nnen in keiner Weise f\u00fcr die Bereitstellung dieser Links verantwortlich gemacht werden, um auf diese Websites und externen Quellen zuzugreifen, und k\u00f6nnen keine Verantwortung f\u00fcr den Inhalt, die Werbung, die Produkte, die Dienstleistungen oder andere Materialien auf oder von diesen externen Websites oder Quellen \u00fcbernehmen, die von unserem Team weder genehmigt noch \u00fcberpr\u00fcft wurden.<\/p>\n\n\n\n<p>Alle Fotos sind symbolisch.<\/p>\n\n\n\n<p>Alle Informationen, die der Kunde zu irgendeinem Zeitpunkt \u00fcbermittelt, werden privat und vertraulich behandelt, es sei denn, es gibt einen guten Grund daf\u00fcr.<\/p>\n\n\n\n<p>Das Unternehmen beh\u00e4lt sich das Recht vor, alle Angebote ohne Vorank\u00fcndigung zu stornieren, zu \u00e4ndern oder zu modifizieren, einschlie\u00dflich der \u00c4nderung von Veranstaltungsorten, Routen und Preisen. Im Falle einer \u00c4nderung wird sich das Unternehmen bem\u00fchen, alternative Arrangements von vergleichbarem finanziellem Wert ohne Entsch\u00e4digung zu ersetzen und \u00fcbernimmt keine Haftung f\u00fcr den Verlust von Vergn\u00fcgen als Folge dieser \u00c4nderungen. All dies geschieht im Interesse der bestm\u00f6glichen Erfahrung f\u00fcr unsere Kunden.<\/p>\n\n\n\n<p>In einigen F\u00e4llen ist das Unternehmen ein Vermittler zwischen dem Kunden und dem endg\u00fcltigen Erbringer der Dienstleistung. Obwohl unser Team sich bem\u00fcht, nur die besten Dienstleistungen f\u00fcr Sie zu finden und zu erbringen, k\u00f6nnen wir nicht f\u00fcr Fehler, Missgeschicke oder Fahrl\u00e4ssigkeit von Dritten verantwortlich gemacht werden.<\/p>\n\n\n\n<p>Falls der Kunde zu sp\u00e4t zu einer Aktivit\u00e4t kommt, kann er verpflichtet sein, die durch die Versp\u00e4tung verursachten Kosten zu bezahlen. Es liegt in Ihrer Verantwortung, die Mitglieder Ihrer Gruppe \u00fcber den Reiseplan zu informieren und sicherzustellen, dass alle p\u00fcnktlich erscheinen. Wir werden immer versuchen, Ihnen die Aktivit\u00e4t zu einem sp\u00e4teren Zeitpunkt als urspr\u00fcnglich geplant anzubieten, aber wenn dies nicht m\u00f6glich ist, haben Sie keinen Anspruch auf eine Erstattung. Wenn Sie wissen, dass Sie sich versp\u00e4ten werden, informieren Sie uns bitte so schnell wie m\u00f6glich.<\/p>\n\n\n\n<p>Im Falle von Problemen mit einem der von unseren Lieferanten\/Partnern erbrachten Dienste werden wir Ihnen helfen, diese zu l\u00f6sen, aber falls dies nicht m\u00f6glich ist, m\u00fcssen Sie das Problem direkt mit ihnen l\u00f6sen.<\/p>\n\n\n\n<p>Sollten Sie aus irgendeinem Grund eine Aktivit\u00e4t vorzeitig beenden wollen, haben Sie keinen Anspruch auf eine R\u00fcckerstattung oder einen Rabatt.<\/p>\n\n\n\n<p>Das Unternehmen beh\u00e4lt sich das uneingeschr\u00e4nkte Recht vor, eine Buchung nach eigenem Ermessen aus beliebigen Gr\u00fcnden und zu jeder Zeit abzulehnen. Die Kunden stimmen zu, die Autorit\u00e4t und die Entscheidungen unserer Mitarbeiter, F\u00fchrer und Partner zu akzeptieren.<\/p>\n\n\n\n<p>Das Unternehmen beh\u00e4lt sich das Recht vor, eine Tour oder Verkostung unter allen Umst\u00e4nden zu stornieren, wird sich aber bem\u00fchen, dies zu vermeiden, sofern es nicht unbedingt notwendig ist.<\/p>\n\n\n\n<p>Alle Kunden sind f\u00fcr ihre eigene Sicherheit und ihr eigenes Wohlbefinden verantwortlich. Wir ermutigen keinen unserer Kunden, sich an gef\u00e4hrlichen Aktivit\u00e4ten zu beteiligen oder \u00fcberm\u00e4\u00dfig zu trinken. Das Unternehmen kann keine Verantwortung \u00fcbernehmen, wenn der Kunde zu viel trinkt oder sich auf gef\u00e4hrliche Aktivit\u00e4ten einl\u00e4sst und dadurch Verletzungen, Krankheiten, Tod, Verlust oder Sch\u00e4den erleidet.<\/p>\n\n\n\n<p>Einige Programme beinhalten Alkoholkonsum und sind nur f\u00fcr Teilnehmer ab 18 Jahren geeignet. Sofern nicht anders angegeben, ist die Teilnahme nur f\u00fcr Teilnehmer \u00fcber 18 Jahren m\u00f6glich. Ein Altersnachweis muss zum Zeitpunkt der Teilnahme vorgelegt werden. Als Altersnachweis akzeptieren wir nur offizielle Ausweise wie Reisepass, F\u00fchrerschein und andere Altersnachweise (ab 18 Jahren). Inakzeptabel sind Fotokopien, Studentenausweise und andere nicht von den Beh\u00f6rden ausgestellte Ausweise. Alle Kunden versichern, dass sie fit und in der Lage sind, den Reiseverlauf zu bew\u00e4ltigen und dass sie in guter k\u00f6rperlicher und geistiger Verfassung sind.<\/p>\n\n\n\n<p>Mit der Buchung stimmt jeder Kunde zu, dass das Unternehmen das Recht hat, alle Fotos und Videos, die w\u00e4hrend des Programms gemacht wurden (die Fotos und Videos k\u00f6nnen jeden Kunden beinhalten), zu Werbe- und kommerziellen Zwecken zu ver\u00f6ffentlichen.<\/p>\n\n\n\n<p>Aufgrund bestimmter unvorhergesehener Umst\u00e4nde kann der Kunde die Teilnahme an der vereinbarten Aktivit\u00e4t absagen. Wenn das Unternehmen zustimmt, hat der Kunde die M\u00f6glichkeit, die Aktivit\u00e4t auf einen beliebigen Termin innerhalb der n\u00e4chsten 3 Monate zu verlegen.<\/p>\n\n\n\n<p>Wir m\u00f6chten, dass Sie unsere Stadt gl\u00fccklich und voller neuer aufregender Erlebnisse verlassen. Unser Team ist bestrebt, gro\u00dfartige Erlebnisse zu organisieren. Trotz all unserer Bem\u00fchungen bitten wir Sie dringend, uns in irgendeiner Form Feedback zu geben. Wenn der Kunde eine Beschwerde hat, muss er\/sie diese sofort dem Reiseleiter mitteilen. Auf diese Weise hat unser Team die M\u00f6glichkeit, die Situation nach Auswertung der Beschwerde zu bereinigen. Eventuelle \u00c4nderungen der F\u00fchrung im Interesse der Zufriedenheit des Kunden k\u00f6nnen nur vorgenommen werden, wenn die Beschwerde w\u00e4hrend der F\u00fchrung vorgebracht wird. Sp\u00e4tere Reklamationen k\u00f6nnen nicht ber\u00fccksichtigt werden. Sollte die Beschwerde w\u00e4hrend der Reise vorgebracht werden und das Problem ungel\u00f6st bleiben, muss eine weitere Beschwerde innerhalb von 5 Tagen nach Beendigung der Reise schriftlich beim Unternehmen eingereicht werden.<\/p>\n\n\n\n<p>Das Unternehmen beh\u00e4lt sich das Recht vor, das Programm jederzeit abzubrechen, wenn der Kunde die Anweisungen des Reiseleiters nicht befolgt und den sicheren und angenehmen Verlauf der Tour zu gef\u00e4hrden scheint. In diesem Fall hat der Kunde keinen Anspruch auf R\u00fcckerstattung oder \u00dcbernahme der zus\u00e4tzlichen Kosten, die dem Kunden dadurch entstehen.<\/p>\n\n\n\n<p>Von allen Kunden wird erwartet, dass sie sich an die \u00f6rtlichen Gesetze und Vorschriften halten, und ein Vers\u00e4umnis, dies zu tun, entbindet das Unternehmen von allen Verpflichtungen, die es ansonsten im Rahmen dieser Buchungsbedingungen haben k\u00f6nnte. Jegliche Sch\u00e4den oder Verluste, die von einem Kunden verursacht werden, liegen in der Verantwortung des Kunden. Der volle Betrag f\u00fcr solche Sch\u00e4den oder Verluste muss zum Zeitpunkt der Buchung direkt an den Anbieter gezahlt werden. Unterl\u00e4sst der Kunde dies, so ist er f\u00fcr alle Anspr\u00fcche (einschlie\u00dflich Rechtskosten) verantwortlich, die sp\u00e4ter gegen das Unternehmen aufgrund der Handlungen des Kunden erhoben werden.<\/p>\n\n\n\n<p>Unser Unternehmen hat sich der F\u00f6rderung der Nachhaltigkeit verschrieben. Die Sorge um die Umwelt und die F\u00f6rderung einer umfassenderen Nachhaltigkeitsagenda sind integraler Bestandteil der beruflichen Aktivit\u00e4ten unseres Unternehmens und der Unternehmensf\u00fchrung. Wir sind bestrebt, gute Nachhaltigkeitspraktiken zu verfolgen und zu f\u00f6rdern, die Umweltauswirkungen all unserer Aktivit\u00e4ten zu reduzieren und unseren Kunden und Partnern zu helfen, dasselbe zu tun.&nbsp;<\/p>\n\n\n\n<p><strong>Grunds\u00e4tze<\/strong><br>Unsere Nachhaltigkeitspolitik basiert auf den folgenden Grunds\u00e4tzen:&nbsp;<\/p>\n\n\n\n\n\n<p>Die Allgemeinen Gesch\u00e4ftsbedingungen und die Beziehung zwischen dem Kunden und dem Unternehmen unterliegen den \u00f6rtlichen Gesetzen, ohne Ber\u00fccksichtigung der Bestimmungen des Kollisionsrechts. Der Kunde und das Unternehmen vereinbaren, sich der ausschlie\u00dflichen Zust\u00e4ndigkeit des zust\u00e4ndigen Gerichts in Ljubljana, Slowenien, zu unterwerfen.<\/p>\n\n\n\n<p>World Discovery d.o.o., Log 10, 1430 Hrastnik, Steuernummer: SI95311289, Firmenregisternummer: 6613047000<br>Informationen zur Bank\u00fcberweisung:<br>Unternehmen: World Discovery d.o.o., Log 10, 1430 Hrastnik, Slowenien<br>IBAN: IBAN SI56 6100 0001 5029 527<br>BIC: HDELSI22<br>Bank: Delavska Hranilnica d.d.<\/p>\n\n\n\n<p>Die Allgemeinen Gesch\u00e4ftsbedingungen treten mit Datum vom 24.10.2019 in Kraft.<\/p>","protected":false},"excerpt":{"rendered":"<p>TERMS OF SERVICE General terms and conditions are the fundamental part of this booking agreement, concluded between the World Discovery d.o.o. (hereinafter referred to as \u201cCompany\u201d) and customers. Once the customer completes the booking is presumed that he accepts these General Terms and Conditions. The booking the customer makes is obligatory and therefore it is &hellip; <a href=\"https:\/\/pubcrawlljubljana.com\/de\/terms-of-service\/\">Fortsetzung<\/a><\/p>","protected":false},"author":56,"featured_media":0,"parent":0,"menu_order":0,"comment_status":"closed","ping_status":"closed","template":"","meta":{"_acf_changed":false,"footnotes":""},"class_list":["post-86","page","type-page","status-publish","hentry"],"acf":{"page_subheading":""},"_links":{"self":[{"href":"https:\/\/pubcrawlljubljana.com\/de\/wp-json\/wp\/v2\/pages\/86","targetHints":{"allow":["GET"]}}],"collection":[{"href":"https:\/\/pubcrawlljubljana.com\/de\/wp-json\/wp\/v2\/pages"}],"about":[{"href":"https:\/\/pubcrawlljubljana.com\/de\/wp-json\/wp\/v2\/types\/page"}],"author":[{"embeddable":true,"href":"https:\/\/pubcrawlljubljana.com\/de\/wp-json\/wp\/v2\/users\/56"}],"replies":[{"embeddable":true,"href":"https:\/\/pubcrawlljubljana.com\/de\/wp-json\/wp\/v2\/comments?post=86"}],"version-history":[{"count":7,"href":"https:\/\/pubcrawlljubljana.com\/de\/wp-json\/wp\/v2\/pages\/86\/revisions"}],"predecessor-version":[{"id":565,"href":"https:\/\/pubcrawlljubljana.com\/de\/wp-json\/wp\/v2\/pages\/86\/revisions\/565"}],"wp:attachment":[{"href":"https:\/\/pubcrawlljubljana.com\/de\/wp-json\/wp\/v2\/media?parent=86"}],"curies":[{"name":"wp","href":"https:\/\/api.w.org\/{rel}","templated":true}]}}