{"id":86,"date":"2022-08-30T12:25:50","date_gmt":"2022-08-30T12:25:50","guid":{"rendered":"http:\/\/pubcrawlljubljana.com\/?page_id=86"},"modified":"2024-04-17T13:21:42","modified_gmt":"2024-04-17T13:21:42","slug":"condizioni-di-servizio","status":"publish","type":"page","link":"https:\/\/pubcrawlljubljana.com\/it\/terms-of-service\/","title":{"rendered":"Termini di servizio"},"content":{"rendered":"<p>CONDIZIONI DI SERVIZIO<\/p>\n\n\n\n<p>Le condizioni generali costituiscono la parte fondamentale del presente contratto di prenotazione, stipulato tra la World Discovery d.o.o. (di seguito denominata \"Societ\u00e0\") e i clienti. Una volta che il cliente completa la prenotazione si presume che accetti le presenti Condizioni generali. La prenotazione effettuata dal cliente \u00e8 obbligatoria e pertanto \u00e8 possibile per il cliente cancellare la propria prenotazione esclusivamente in base alle presenti Condizioni Generali. Il cliente \u00e8 responsabile di tutti i costi e le conseguenze che possono verificarsi a causa delle informazioni errate che ha fornito al momento della prenotazione.<\/p>\n\n\n\n<p>Il cliente accetta i presenti Termini e condizioni ordinando i servizi della Societ\u00e0 tramite sito web, e-mail, telefono, effettuando un pagamento senza preordine o in qualsiasi altro modo.<\/p>\n\n\n\n<p>L'azienda \u00e8 stata fondata con l'obiettivo di assicurare servizi amichevoli e fornire esperienze di alta qualit\u00e0 agli utenti.<\/p>\n\n\n\n<p>Il marchio della Societ\u00e0 e il sito web, nonch\u00e9 tutti i suoi componenti (codice di programmazione, design, fotografie, testi, ecc.) e tutte le sottopagine sono propriet\u00e0 intellettuale dei creatori del marchio e quindi protetti da copyright. Qualsiasi copia, utilizzo o abuso del marchio e\/o del sito web e dei suoi componenti \u00e8 soggetto a controversia secondo le leggi locali.<\/p>\n\n\n\n<p>Ci impegniamo a fare del nostro meglio per fornire informazioni aggiornate e accurate sul sito web della Societ\u00e0. Tuttavia, non possiamo essere ritenuti responsabili per errori, omissioni o risultati che possono essere ottenuti da un uso improprio o da un'incomprensione di queste informazioni. Ci riserviamo il diritto di correggere gli errori non appena ci vengono segnalati e, pi\u00f9 in generale, di modificare in qualsiasi momento, senza preavviso, in tutto o in parte il sito web e i presenti Termini e condizioni, senza alcuna responsabilit\u00e0 che ne possa derivare.<\/p>\n\n\n\n<p>Termini utilizzati e relative spiegazioni:<\/p>\n\n\n\n<p>100% Money Back Guaranteed - Se non riusciamo a fornire il servizio come promesso e il cliente non \u00e8 soddisfatto, deve comunicare il reclamo direttamente al nostro materiale il prima possibile. Se siamo d'accordo sul problema, il cliente pu\u00f2 ottenere indietro tutti i soldi pagati per quella specifica attivit\u00e0.<\/p>\n\n\n\n<p>Il sito pu\u00f2 contenere link ad altri siti che non utilizziamo. Non possiamo in alcun modo essere ritenuti responsabili per la fornitura di questi link di accesso a tali siti e fonti esterne, e non possiamo accettare alcuna responsabilit\u00e0 per il contenuto, la pubblicit\u00e0, i prodotti, i servizi o altri materiali presenti o disponibili su questi siti o fonti esterne che non sono n\u00e9 approvati n\u00e9 verificati dal nostro team.<\/p>\n\n\n\n<p>Tutte le foto sono simboliche.<\/p>\n\n\n\n<p>Tutte le informazioni inviate dal cliente in qualsiasi momento saranno mantenute private e confidenziali, a meno che non vi sia una buona ragione per farlo.<\/p>\n\n\n\n<p>La Compagnia si riserva il diritto di cancellare, cambiare o modificare qualsiasi servizio senza preavviso, compresi i cambiamenti o le modifiche di luoghi, itinerari e prezzi. In caso di modifica, la Compagnia cercher\u00e0 di sostituire le strutture con altre di pari valore monetario, senza alcun compenso, e non si assume alcuna responsabilit\u00e0 per la perdita di divertimento a seguito di tali modifiche. Tutto ci\u00f2 viene fatto per la migliore esperienza possibile dei nostri clienti.<\/p>\n\n\n\n<p>In alcuni casi, la Societ\u00e0 \u00e8 un intermediario tra il cliente e l'esecutore finale del servizio. Sebbene il nostro team si impegni a trovare e fornire solo i servizi migliori per voi, non possiamo essere ritenuti responsabili di errori, contrattempi o negligenze commessi da terze persone.<\/p>\n\n\n\n<p>Nel caso in cui il cliente arrivi in ritardo a un'attivit\u00e0, potrebbe essere obbligato a pagare un extra per i costi causati dall'arrivo in ritardo. \u00c8 vostra responsabilit\u00e0 informare i membri del vostro gruppo dell'itinerario e assicurarvi che tutti si presentino in orario. Cercheremo sempre di offrirvi un'attivit\u00e0 pi\u00f9 tardiva di quella originariamente prevista, ma se non ci riusciamo, non avrete diritto a un rimborso. Se sapete che sarete in ritardo, vi preghiamo di informarci il prima possibile.<\/p>\n\n\n\n<p>In caso di problemi con i servizi offerti dai nostri fornitori\/partner, vi aiuteremo a risolverli, ma se ci\u00f2 non fosse possibile, dovrete risolverli direttamente con loro.<\/p>\n\n\n\n<p>Se per qualsiasi motivo si desidera terminare un'attivit\u00e0 in anticipo, non si ha diritto a un rimborso o a uno sconto.<\/p>\n\n\n\n<p>La Societ\u00e0 si riserva il diritto assoluto di rifiutare una prenotazione a propria discrezione per qualsiasi motivo e in qualsiasi momento. I clienti accettano l'autorit\u00e0 e le decisioni dei nostri dipendenti, guide e affiliati.<\/p>\n\n\n\n<p>La Societ\u00e0 si riserva il diritto di cancellare un tour o una degustazione in qualsiasi circostanza, ma cercher\u00e0 di evitarlo a meno che non sia assolutamente necessario.<\/p>\n\n\n\n<p>Tutti i clienti sono responsabili della propria sicurezza e del proprio benessere. Non incoraggiamo nessuno dei nostri clienti a intraprendere attivit\u00e0 pericolose o a bere eccessivamente. La Compagnia non si assume alcuna responsabilit\u00e0 se il cliente beve troppo o si impegna in attivit\u00e0 pericolose e subisce lesioni, malattie, morte, perdite o danni come risultato.<\/p>\n\n\n\n<p>Alcuni programmi prevedono il consumo di alcol e sono adatti solo a partecipanti di et\u00e0 pari o superiore ai 18 anni. Se non diversamente specificato, la partecipazione \u00e8 possibile solo per i partecipanti di et\u00e0 superiore ai 18 anni. La prova dell'et\u00e0 deve essere fornita al momento della partecipazione. Come prova d'et\u00e0, accettiamo solo documenti d'identit\u00e0 ufficiali come passaporto, patente di guida e altre carte d'identit\u00e0 (18+). Non sono accettati documenti d'identit\u00e0 come fotocopie, tessere studentesche e altri documenti non governativi. Tutti i clienti garantiscono di essere in grado di completare l'itinerario del tour e di essere in buona forma fisica e mentale.<\/p>\n\n\n\n<p>Effettuando una prenotazione ogni cliente accetta che la Compagnia abbia il diritto di pubblicare tutte le foto e i video realizzati durante il programma (le foto e i video potrebbero includere ogni cliente) a scopo promozionale e commerciale.<\/p>\n\n\n\n<p>A causa di alcune circostanze impreviste, il cliente pu\u00f2 annullare la partecipazione all'attivit\u00e0 concordata. Se l'azienda \u00e8 d'accordo, il cliente ha la possibilit\u00e0 di riprogrammare l'attivit\u00e0 in qualsiasi data disponibile nei 3 mesi successivi.<\/p>\n\n\n\n<p>Vogliamo che lasciate la nostra citt\u00e0 felici e pieni di nuove emozionanti avventure. Il nostro team si dedica all'organizzazione di esperienze straordinarie. Nonostante tutti i nostri sforzi, vi invitiamo a darci un feedback in qualsiasi forma. Se il cliente ha un reclamo, deve portarlo subito all'attenzione della guida turistica. In questo modo il nostro team ha la possibilit\u00e0 di correggere la situazione dopo aver valutato il reclamo. Eventuali modifiche al tour nell'interesse della soddisfazione del cliente possono essere apportate solo se il reclamo viene presentato durante il tour. I reclami presentati in un secondo momento non saranno presi in considerazione. Se il reclamo \u00e8 stato presentato durante il tour e il problema \u00e8 rimasto irrisolto, un altro reclamo deve essere presentato per iscritto alla Societ\u00e0 entro 5 giorni dal completamento del tour.<\/p>\n\n\n\n<p>La Societ\u00e0 si riserva il diritto di annullare il programma in qualsiasi momento se il cliente non obbedisce alle istruzioni della guida turistica e appare suscettibile di mettere in pericolo il sicuro e confortevole svolgimento del tour; tale cliente pu\u00f2 essere escluso da tutto o parte del tour. In questo caso, il cliente non ha diritto ad alcun rimborso o alla copertura di eventuali costi aggiuntivi sostenuti dal cliente come risultato.<\/p>\n\n\n\n<p>Tutti i clienti sono tenuti a rispettare le leggi e i regolamenti locali e qualsiasi inadempienza in tal senso sollever\u00e0 la Societ\u00e0 da tutti gli obblighi che potrebbe avere in base alle presenti condizioni di prenotazione. Eventuali danni o perdite causati da un cliente sono di sua responsabilit\u00e0. Il pagamento completo di tali danni o perdite deve essere versato al momento direttamente al fornitore. In caso contrario, il cliente sar\u00e0 responsabile di eventuali richieste di risarcimento (comprese le spese legali) successivamente avanzate nei confronti della Societ\u00e0 a causa delle azioni del cliente.<\/p>\n\n\n\n<p>La nostra azienda si impegna a promuovere la sostenibilit\u00e0. L'attenzione per l'ambiente e la promozione di un programma di sostenibilit\u00e0 pi\u00f9 ampio sono parte integrante delle attivit\u00e0 professionali della nostra azienda e della gestione dell'organizzazione. Il nostro obiettivo \u00e8 seguire e promuovere buone pratiche di sostenibilit\u00e0, ridurre l'impatto ambientale di tutte le nostre attivit\u00e0 e aiutare i nostri clienti e partner a fare lo stesso.&nbsp;<\/p>\n\n\n\n<p><strong>Principi<\/strong><br>La nostra politica di sostenibilit\u00e0 si basa sui seguenti principi:&nbsp;<\/p>\n\n\n\n\n\n<p>I Termini e le Condizioni Generali e il rapporto tra il cliente e la Societ\u00e0 saranno disciplinati dalle leggi locali senza tener conto delle disposizioni in materia di conflitto di leggi. Il cliente e la Societ\u00e0 accettano di sottoporsi alla giurisdizione esclusiva del tribunale competente con sede a Lubiana, Slovenia.<\/p>\n\n\n\n<p>World Discovery d.o.o., Log 10, 1430 Hrastnik, Codice fiscale: SI95311289, Numero di registrazione della societ\u00e0: 6613047000<br>Informazioni per il bonifico bancario:<br>Azienda: World Discovery d.o.o., Log 10, 1430 Hrastnik, Slovenia<br>IBAN: IBAN SI56 6100 0001 5029 527<br>BIC: HDELSI22<br>Banca: Delavska Hranilnica d.d.<\/p>\n\n\n\n<p>Le Condizioni Generali entrano in vigore il 24.10.2019.<\/p>","protected":false},"excerpt":{"rendered":"<p>TERMS OF SERVICE General terms and conditions are the fundamental part of this booking agreement, concluded between the World Discovery d.o.o. (hereinafter referred to as \u201cCompany\u201d) and customers. Once the customer completes the booking is presumed that he accepts these General Terms and Conditions. The booking the customer makes is obligatory and therefore it is &hellip; <a href=\"https:\/\/pubcrawlljubljana.com\/it\/terms-of-service\/\">Continua<\/a><\/p>","protected":false},"author":56,"featured_media":0,"parent":0,"menu_order":0,"comment_status":"closed","ping_status":"closed","template":"","meta":{"_acf_changed":false,"footnotes":""},"class_list":["post-86","page","type-page","status-publish","hentry"],"acf":{"page_subheading":""},"_links":{"self":[{"href":"https:\/\/pubcrawlljubljana.com\/it\/wp-json\/wp\/v2\/pages\/86","targetHints":{"allow":["GET"]}}],"collection":[{"href":"https:\/\/pubcrawlljubljana.com\/it\/wp-json\/wp\/v2\/pages"}],"about":[{"href":"https:\/\/pubcrawlljubljana.com\/it\/wp-json\/wp\/v2\/types\/page"}],"author":[{"embeddable":true,"href":"https:\/\/pubcrawlljubljana.com\/it\/wp-json\/wp\/v2\/users\/56"}],"replies":[{"embeddable":true,"href":"https:\/\/pubcrawlljubljana.com\/it\/wp-json\/wp\/v2\/comments?post=86"}],"version-history":[{"count":7,"href":"https:\/\/pubcrawlljubljana.com\/it\/wp-json\/wp\/v2\/pages\/86\/revisions"}],"predecessor-version":[{"id":565,"href":"https:\/\/pubcrawlljubljana.com\/it\/wp-json\/wp\/v2\/pages\/86\/revisions\/565"}],"wp:attachment":[{"href":"https:\/\/pubcrawlljubljana.com\/it\/wp-json\/wp\/v2\/media?parent=86"}],"curies":[{"name":"wp","href":"https:\/\/api.w.org\/{rel}","templated":true}]}}